{"id":1027,"date":"2024-02-23T16:09:00","date_gmt":"2024-02-23T15:09:00","guid":{"rendered":"https:\/\/bvvedieulefit.org\/?page_id=1027"},"modified":"2025-09-21T14:56:41","modified_gmt":"2025-09-21T12:56:41","slug":"associations-amies","status":"publish","type":"page","link":"https:\/\/bvvedieulefit.org\/index.php\/associations-amies\/","title":{"rendered":"Associations amies"},"content":{"rendered":"\n<p class=\"has-medium-font-size\" id=\"haut\">Les \u00ab\u00a0associations amies\u00a0\u00bb sont des associations dont certains membres dirigeants sont aussi membres de BVVE, et dont les actions sont en coh\u00e9rence avec celles de BVVE<\/p>\n\n\n\n<figure class=\"wp-block-table aligncenter has-medium-font-size\"><table><tbody><tr><td class=\"has-text-align-center\" data-align=\"center\"><strong><mark style=\"background-color:rgba(0, 0, 0, 0)\" class=\"has-inline-color has-theme-palette-1-color\"><a href=\"#amep\">AMEP Dieulefit<\/a><\/mark><\/strong><\/td><td><strong><a href=\"#entraide\">L&rsquo;Entraide de Dieulefit<\/a><\/strong><\/td><\/tr><\/tbody><\/table><\/figure>\n\n\n\n<div style=\"height:100px\" aria-hidden=\"true\" class=\"wp-block-spacer\"><\/div>\n\n\n\n<hr class=\"wp-block-separator has-alpha-channel-opacity is-style-wide\"\/>\n\n\n\n<p class=\"has-text-align-center\" id=\"amep\"><strong>AMEP DE DIEULEFIT<\/strong><\/p>\n\n\n\n<p><em><strong>FR3 Rh\u00f4ne Alpes le 4 mars 2024<\/strong><\/em><\/p>\n\n\n\n<figure class=\"wp-block-embed is-type-video is-provider-youtube wp-block-embed-youtube wp-embed-aspect-16-9 wp-has-aspect-ratio\"><div class=\"wp-block-embed__wrapper\">\n<iframe title=\"AMEP Dieulefit Reportage France 3 Rhone Alpes\" width=\"720\" height=\"405\" src=\"https:\/\/www.youtube.com\/embed\/n-vbthqaSGk?feature=oembed\" frameborder=\"0\" allow=\"accelerometer; autoplay; clipboard-write; encrypted-media; gyroscope; picture-in-picture; web-share\" allowfullscreen><\/iframe>\n<\/div><\/figure>\n\n\n\n<p><em><strong>France-bleu Dr\u00f4me-Ard\u00e8che (f\u00e9vrier 2024)<\/strong><\/em><\/p>\n\n\n\n<div class=\"wp-block-buttons is-content-justification-center is-layout-flex wp-container-core-buttons-is-layout-16018d1d wp-block-buttons-is-layout-flex\">\n<div class=\"wp-block-button\"><a class=\"wp-block-button__link wp-element-button\" href=\"https:\/\/a70do.r.sp1-brevo.net\/mk\/cl\/f\/sh\/6rqJfgq8dIb4hNuH2g1DSJfOCjl\/45FYnNNC8yUc\" target=\"_blank\" rel=\"noreferrer noopener\">Lire l&rsquo;article<\/a><\/div>\n\n\n\n<div class=\"wp-block-button\"><a class=\"wp-block-button__link wp-element-button\" href=\"https:\/\/a70do.r.sp1-brevo.net\/mk\/cl\/f\/sh\/6rqJfgq8dIcjjqCQWzQlNunJq2n\/Oz2nwd3xKYML\" target=\"_blank\" rel=\"noreferrer noopener\">interview Daniel Amoros<\/a><\/div>\n\n\n\n<div class=\"wp-block-button\"><a class=\"wp-block-button__link wp-element-button\" href=\"https:\/\/a70do.r.sp1-brevo.net\/mk\/cl\/f\/sh\/SMK1E8tHeFuYwW0igmNIDxJfrM0L\/NWLlX8PNGs41\" target=\"_blank\" rel=\"noreferrer noopener\">Interview Raymond Barach\u00e9<\/a><\/div>\n<\/div>\n\n\n\n<div style=\"height:36px\" aria-hidden=\"true\" class=\"wp-block-spacer\"><\/div>\n\n\n\n<div class=\"wp-block-group\"><div class=\"wp-block-group__inner-container is-layout-constrained wp-block-group-is-layout-constrained\">\n<p><em><strong>Le Dauphin\u00e9 Lib\u00e9r\u00e9 (janvier 2024)<\/strong><\/em><\/p>\n\n\n\n<div data-wp-interactive=\"core\/file\" class=\"wp-block-file\"><object data-wp-bind--hidden=\"!state.hasPdfPreview\" hidden class=\"wp-block-file__embed\" data=\"https:\/\/bvvedieulefit.org\/wp-content\/uploads\/2DARB.pdf\" type=\"application\/pdf\" style=\"width:100%;height:660px\" aria-label=\"Contenu embarqu\u00e9 2DARB.\"><\/object><a id=\"wp-block-file--media-b849c021-9ad1-4a43-a11e-43edfa573879\" href=\"https:\/\/bvvedieulefit.org\/wp-content\/uploads\/2DARB.pdf\">2DARB<\/a><a href=\"https:\/\/bvvedieulefit.org\/wp-content\/uploads\/2DARB.pdf\" class=\"wp-block-file__button wp-element-button\" download aria-describedby=\"wp-block-file--media-b849c021-9ad1-4a43-a11e-43edfa573879\">T\u00e9l\u00e9charger<\/a><\/div>\n<\/div><\/div>\n\n\n\n<div class=\"wp-block-buttons is-content-justification-right is-layout-flex wp-container-core-buttons-is-layout-765c4724 wp-block-buttons-is-layout-flex\"><\/div>\n\n\n\n<div style=\"height:100px\" aria-hidden=\"true\" class=\"wp-block-spacer\"><\/div>\n\n\n\n<hr class=\"wp-block-separator has-alpha-channel-opacity is-style-wide\"\/>\n\n\n\n<p class=\"has-text-align-center\" id=\"entraide\"><strong>L&rsquo;ENTRAIDE DE DIEULEFIT<\/strong><\/p>\n\n\n\n<p>L&rsquo;ENTRAIDE de DIEULEFIT est n\u00e9e du souhait de professionnelles du soin et de l&rsquo;accompagnement de contribuer \u00e0 maintenir \u00e0 domicile les personnes en perte d&rsquo;autonomie, \u00e2g\u00e9es et\/ou handicap\u00e9es,<\/p>\n\n\n\n<ul class=\"wp-block-list\">\n<li>En animant des rencontres entre personnes isol\u00e9es,<\/li>\n\n\n\n<li><img decoding=\"async\" width=\"5\" height=\"5\" src=\"\">&nbsp;En exer\u00e7ant une veille aupr\u00e8s des personnes inscrites sur le registre municipal des personnes vuln\u00e9rables.<\/li>\n\n\n\n<li><img decoding=\"async\" width=\"5\" height=\"5\" src=\"\">&nbsp;En r\u00e9pondant aux situations impr\u00e9vues qui les laissent d\u00e9munies, .incapables d&rsquo;assurer, sans aide, un besoin ponctuel essentiel,<\/li>\n<\/ul>\n\n\n\n<p>L&rsquo;ENTRAIDE de DIEULEFIT  est une \u00e9quipe de b\u00e9n\u00e9voles, section de l&rsquo;association SOUTIEN et PARTAGE, en convention avec le Centre Communal d&rsquo;Action Sociale (CCAS).<\/p>\n\n\n\n<div class=\"wp-block-buttons is-content-justification-right is-layout-flex wp-container-core-buttons-is-layout-765c4724 wp-block-buttons-is-layout-flex\"><\/div>\n\n\n\n<div style=\"height:100px\" aria-hidden=\"true\" class=\"wp-block-spacer\"><\/div>\n\n\n\n<hr class=\"wp-block-separator has-alpha-channel-opacity is-style-wide\"\/>\n","protected":false},"excerpt":{"rendered":"<p>Les \u00ab\u00a0associations amies\u00a0\u00bb sont des associations dont certains membres dirigeants sont aussi membres de BVVE, et dont les actions sont en coh\u00e9rence avec celles de BVVE AMEP Dieulefit L&rsquo;Entraide de Dieulefit AMEP DE DIEULEFIT FR3 Rh\u00f4ne Alpes le 4 mars 2024 France-bleu Dr\u00f4me-Ard\u00e8che (f\u00e9vrier 2024) Le Dauphin\u00e9 Lib\u00e9r\u00e9 (janvier 2024) L&rsquo;ENTRAIDE DE DIEULEFIT L&rsquo;ENTRAIDE de&#8230;<\/p>\n","protected":false},"author":2,"featured_media":0,"parent":0,"menu_order":0,"comment_status":"closed","ping_status":"closed","template":"","meta":{"saved_in_kubio":true,"_kadence_starter_templates_imported_post":false,"_kad_post_transparent":"","_kad_post_title":"","_kad_post_layout":"","_kad_post_sidebar_id":"","_kad_post_content_style":"","_kad_post_vertical_padding":"","_kad_post_feature":"","_kad_post_feature_position":"","_kad_post_header":false,"_kad_post_footer":false,"_kad_post_classname":"","iawp_total_views":75,"footnotes":""},"class_list":["post-1027","page","type-page","status-publish","hentry"],"kubio_ai_page_context":{"short_desc":"","purpose":"general"},"_links":{"self":[{"href":"https:\/\/bvvedieulefit.org\/index.php\/wp-json\/wp\/v2\/pages\/1027","targetHints":{"allow":["GET"]}}],"collection":[{"href":"https:\/\/bvvedieulefit.org\/index.php\/wp-json\/wp\/v2\/pages"}],"about":[{"href":"https:\/\/bvvedieulefit.org\/index.php\/wp-json\/wp\/v2\/types\/page"}],"author":[{"embeddable":true,"href":"https:\/\/bvvedieulefit.org\/index.php\/wp-json\/wp\/v2\/users\/2"}],"replies":[{"embeddable":true,"href":"https:\/\/bvvedieulefit.org\/index.php\/wp-json\/wp\/v2\/comments?post=1027"}],"version-history":[{"count":13,"href":"https:\/\/bvvedieulefit.org\/index.php\/wp-json\/wp\/v2\/pages\/1027\/revisions"}],"predecessor-version":[{"id":1822,"href":"https:\/\/bvvedieulefit.org\/index.php\/wp-json\/wp\/v2\/pages\/1027\/revisions\/1822"}],"wp:attachment":[{"href":"https:\/\/bvvedieulefit.org\/index.php\/wp-json\/wp\/v2\/media?parent=1027"}],"curies":[{"name":"wp","href":"https:\/\/api.w.org\/{rel}","templated":true}]}}