{"id":440,"date":"2024-01-22T18:20:09","date_gmt":"2024-01-22T17:20:09","guid":{"rendered":"https:\/\/bvvedieulefit.org\/?page_id=440"},"modified":"2025-09-21T17:15:39","modified_gmt":"2025-09-21T15:15:39","slug":"des-benevoles-2","status":"publish","type":"page","link":"https:\/\/bvvedieulefit.org\/index.php\/des-benevoles-2\/","title":{"rendered":"Des b\u00e9n\u00e9voles"},"content":{"rendered":"\n<h1 class=\"wp-block-heading has-text-align-center\"><strong>L&rsquo; IMPORTANCE DES BENEVOLES<\/strong><\/h1>\n\n\n\n<p><strong>Un des objectifs de l&rsquo;association est de pr\u00e9venir les situations de solitude souvent dues \u00e0 la perte d&rsquo;autonomie, que celle-ci soit transitoire (maladie ou chute) ou permanente. Dans un premier temps elle a organis\u00e9 un r\u00e9seau d&rsquo;aide rapproch\u00e9e avec la cr\u00e9ation de la commission \u00ab\u00a0Pr\u00e9vention, Proximit\u00e9, Animation\u00a0\u00bb qui organise les \u00ab\u00a0coups de mains\u00a0\u00bb souvent n\u00e9cessaires. Ceux-ci sont gratuits car g\u00e9r\u00e9s par les b\u00e9n\u00e9voles de l&rsquo;association.<\/strong><\/p>\n\n\n\n<div class=\"wp-block-columns are-vertically-aligned-center has-text-color has-background has-link-color wp-elements-b3dbc62902ffdbdd4b13eb9819220c51 is-layout-flex wp-container-core-columns-is-layout-9d6595d7 wp-block-columns-is-layout-flex\" style=\"color:#ece5e5;background-color:#236c9d\">\n<div class=\"wp-block-column is-vertically-aligned-center is-layout-flow wp-block-column-is-layout-flow\" style=\"flex-basis:30%\">\n<figure class=\"wp-block-image size-full is-resized\"><img data-opt-id=537292476  fetchpriority=\"high\" decoding=\"async\" width=\"236\" height=\"181\" src=\"https:\/\/ml0doosri88v.i.optimole.com\/w:auto\/h:auto\/q:mauto\/ig:avif\/https:\/\/bvvedieulefit.org\/wp-content\/uploads\/2024\/01\/Amitie.jpg\" alt=\"\" class=\"wp-image-441\" style=\"width:249px;height:auto\"\/><\/figure>\n<\/div>\n\n\n\n<div class=\"wp-block-column is-vertically-aligned-center is-layout-flow wp-block-column-is-layout-flow\" style=\"flex-basis:66%\">\n<div class=\"wp-block-group is-vertical is-layout-flex wp-container-core-group-is-layout-8cf370e7 wp-block-group-is-layout-flex\">\n<p class=\"wp-container-content-9cfa9a5a\"><strong>Savoir que le chat sera nourri pendant une absence ou une hospitalisation.<\/strong><\/p>\n\n\n\n<p class=\"wp-container-content-9cfa9a5a\"><strong>Savoir qu&rsquo;en cas d&rsquo;absence, on rel\u00e8vera le courrier et qu&rsquo;on arrosera quelques pot\u00e9es fleuries.<\/strong><\/p>\n\n\n\n<p class=\"wp-container-content-9cfa9a5a\"><strong>Savoir que l&rsquo;\u00e9lectricit\u00e9 sera rebranch\u00e9e apr\u00e8s un orage ou une coupure de courant impr\u00e9vue.<\/strong><\/p>\n\n\n\n<p class=\"wp-container-content-9cfa9a5a\"><strong>Savoir que l&rsquo;un des voisins sera l\u00e0 pour vous conduire chez le m\u00e9decin.<\/strong><\/p>\n\n\n\n<p class=\"wp-container-content-9cfa9a5a\"><strong>Savoir qu&rsquo;on vous aidera \u00e0 ouvrir les volets le matin et \u00e0 les fermer le soir.<\/strong><\/p>\n\n\n\n<p class=\"wp-container-content-9cfa9a5a\"><strong>Savoir qu&rsquo;on peut vous covoiturer pour faire des courses.<\/strong><\/p>\n\n\n\n<p class=\"wp-container-content-9cfa9a5a\"><strong>Savoir qui appeler pour bavarder, jouer aux cartes, boire le th\u00e9 ou tout autre chose !<\/strong><\/p>\n<\/div>\n<\/div>\n<\/div>\n\n\n\n<div class=\"wp-block-columns has-background is-layout-flex wp-container-core-columns-is-layout-9d6595d7 wp-block-columns-is-layout-flex\" style=\"background-color:#63cfeb\">\n<div class=\"wp-block-column is-layout-flow wp-block-column-is-layout-flow\">\n<p class=\"has-text-color has-link-color wp-elements-d853cef0e57cfeb12c07a3fd6413bdeb\" style=\"color:#910a0a;font-size:28px\"><strong>Savoir qu&rsquo;on n&rsquo;est jamais seul et qu&rsquo;il y a toujours un voisin pour vous d\u00e9panner et pour bavarder<\/strong><strong>.<\/strong><\/p>\n\n\n\n<p style=\"font-size:18px\"><strong>Mais en revanche, si on a d\u00fb solliciter un soutien particulier, savoir \u00e0 son tour apporter son aide, \u00e0 son niveau.<\/strong><\/p>\n\n\n\n<p class=\"has-text-color has-link-color has-medium-font-size wp-elements-c7c361e91a7e36e3504edac86aa9101b\" style=\"color:#b51e1e\"><strong>L&rsquo;association a \u00e9galement mis en place un r\u00e9seau d&rsquo;entraide mutuelle.<\/strong><\/p>\n\n\n\n<p><strong>La diversit\u00e9 des origines et des exp\u00e9riences personnelles des habitants du quartier offre une grande richesse. Elle permet <\/strong><strong>le partage inter g\u00e9n\u00e9rationnel des savoirs et des savoir-faire <\/strong><strong>en apportant des aides ponctuelles : informatique, petites r\u00e9parations, pr\u00eat de mat\u00e9riel, d\u00e9broussaillement, randonn\u00e9es, garde de jeunes enfants, \u00e9changes et sorties culturelles &#8230;<\/strong><\/p>\n<\/div>\n<\/div>\n","protected":false},"excerpt":{"rendered":"<p>L&rsquo; IMPORTANCE DES BENEVOLES Un des objectifs de l&rsquo;association est de pr\u00e9venir les situations de solitude souvent dues \u00e0 la perte d&rsquo;autonomie, que celle-ci soit transitoire (maladie ou chute) ou permanente. Dans un premier temps elle a organis\u00e9 un r\u00e9seau d&rsquo;aide rapproch\u00e9e avec la cr\u00e9ation de la commission \u00ab\u00a0Pr\u00e9vention, Proximit\u00e9, Animation\u00a0\u00bb qui organise les \u00ab\u00a0coups&#8230;<\/p>\n","protected":false},"author":2,"featured_media":0,"parent":0,"menu_order":0,"comment_status":"closed","ping_status":"closed","template":"","meta":{"saved_in_kubio":true,"_kadence_starter_templates_imported_post":false,"_kad_post_transparent":"","_kad_post_title":"","_kad_post_layout":"","_kad_post_sidebar_id":"","_kad_post_content_style":"","_kad_post_vertical_padding":"","_kad_post_feature":"","_kad_post_feature_position":"","_kad_post_header":false,"_kad_post_footer":false,"_kad_post_classname":"","iawp_total_views":42,"footnotes":""},"class_list":["post-440","page","type-page","status-publish","hentry"],"kubio_ai_page_context":{"short_desc":"","purpose":"general"},"_links":{"self":[{"href":"https:\/\/bvvedieulefit.org\/index.php\/wp-json\/wp\/v2\/pages\/440","targetHints":{"allow":["GET"]}}],"collection":[{"href":"https:\/\/bvvedieulefit.org\/index.php\/wp-json\/wp\/v2\/pages"}],"about":[{"href":"https:\/\/bvvedieulefit.org\/index.php\/wp-json\/wp\/v2\/types\/page"}],"author":[{"embeddable":true,"href":"https:\/\/bvvedieulefit.org\/index.php\/wp-json\/wp\/v2\/users\/2"}],"replies":[{"embeddable":true,"href":"https:\/\/bvvedieulefit.org\/index.php\/wp-json\/wp\/v2\/comments?post=440"}],"version-history":[{"count":9,"href":"https:\/\/bvvedieulefit.org\/index.php\/wp-json\/wp\/v2\/pages\/440\/revisions"}],"predecessor-version":[{"id":1871,"href":"https:\/\/bvvedieulefit.org\/index.php\/wp-json\/wp\/v2\/pages\/440\/revisions\/1871"}],"wp:attachment":[{"href":"https:\/\/bvvedieulefit.org\/index.php\/wp-json\/wp\/v2\/media?parent=440"}],"curies":[{"name":"wp","href":"https:\/\/api.w.org\/{rel}","templated":true}]}}