{"id":466,"date":"2024-01-23T16:21:26","date_gmt":"2024-01-23T15:21:26","guid":{"rendered":"https:\/\/bvvedieulefit.org\/?page_id=466"},"modified":"2025-12-24T11:11:21","modified_gmt":"2025-12-24T10:11:21","slug":"financements","status":"publish","type":"page","link":"https:\/\/bvvedieulefit.org\/index.php\/financements\/","title":{"rendered":"Financements"},"content":{"rendered":"\n<p><\/p>\n\n\n\n<p><\/p>\n\n\n\n<p class=\"has-text-color has-link-color has-medium-font-size wp-elements-3165e3c2cb1519ed2ad92ef5de8826fc\" style=\"color:#d30f0f\"><strong>Notre association est \u00e0 but non lucratif.<\/strong><\/p>\n\n\n\n<p class=\"has-medium-font-size\"><strong>Notre projet n\u00e9cessite une fonction de coordinateur ou coordinatrice de la vie partag\u00e9e.\u00a0<\/strong><\/p>\n\n\n\n<ul class=\"wp-block-list has-theme-palette-3-color has-text-color has-link-color wp-elements-049c50078d1b8ca8baf166392f920883\">\n<li style=\"font-style:normal;font-weight:700\"><strong>Les adh\u00e9rents versent une <mark style=\"background-color:rgba(0, 0, 0, 0);color:#df2bdd\" class=\"has-inline-color\">adh\u00e9sion annuelle <\/mark>fix\u00e9e par le conseil d&rsquo;administration.<\/strong><\/li>\n\n\n\n<li><strong>Les b\u00e9n\u00e9ficiaires prennent \u00e0 leur charge toutes les prestations effectu\u00e9es<\/strong><em>.(\u00e9ventuellement via le CESU)<\/em><\/li>\n\n\n\n<li><strong>L&rsquo;association, d\u00e9clar\u00e9e <mark style=\"background-color:rgba(0, 0, 0, 0)\" class=\"has-inline-color has-theme-palette-3-color\">\u00ab\u00a0d&rsquo;int\u00e9r\u00eat g\u00e9n\u00e9ral\u00a0\u00bb<\/mark>, peut <mark style=\"background-color:rgba(0, 0, 0, 0);color:#df2bdd\" class=\"has-inline-color\">accepter les dons,<\/mark> ce qui permet aux donateurs de porter sur leur d\u00e9claration d&rsquo;imp\u00f4ts les sommes vers\u00e9es et d&rsquo;obtenir une d\u00e9duction fiscale <\/strong><em>(aide \u00e0 la personne)<\/em><\/li>\n\n\n\n<li><strong>Nos financeurs:<\/strong><\/li>\n\n\n\n<li class=\"has-text-color has-link-color has-medium-font-size wp-elements-916ba1e6c6042aa8bf2415ed2a2db34b\" style=\"color:#e52323\"><strong>Sans leur soutien, notre association ne pourrait mener \u00e0 bien les objectifs qui sont les siens et sa raison d&rsquo;\u00eatre<\/strong>.\n\n\n<ul class=\"wp-block-list\">\n<li><\/li>\n<\/ul>\n\n\n\n<ul class=\"wp-block-list\">\n<li><strong><mark style=\"background-color:rgba(0, 0, 0, 0);color:#df2bdd\" class=\"has-inline-color\">La Fondation de France a particip\u00e9 au financement d&rsquo;une \u00e9tude de faisabilit\u00e9 qui s\u2019est organis\u00e9e sous la houlette d\u2019une consultante tr\u00e8s comp\u00e9tente en juin 2023, Mme H\u00e9l\u00e8ne Leenhardt.<\/mark><\/strong><\/li>\n\n\n\n<li><strong><mark style=\"background-color:rgba(0, 0, 0, 0);color:#df2bdd\" class=\"has-inline-color\">Notre projet a obtenu en 2024 l&rsquo;agr\u00e9ment de La Fondation de France, ce qui a permis l&#8217;embauche d&rsquo;une coordinatrice de vie en juin 2025<\/mark><\/strong><\/li>\n\n\n\n<li><strong><mark style=\"background-color:rgba(0, 0, 0, 0);color:#df2bdd\" class=\"has-inline-color\">Notre projet a aussi int\u00e9ress\u00e9 la Fondation Jeanne Meslait Dagot qui nous a accord\u00e9 son soutien financier.<\/mark><\/strong><\/li>\n\n\n\n<li><mark style=\"background-color:rgba(0, 0, 0, 0);color:#df2bdd\" class=\"has-inline-color\"><strong>Discussions annuelles avec la \u00ab\u00a0<strong>Commission des Financeurs de la Pr\u00e9vention de la Perte d&rsquo;Autonomie<\/strong> \u00a0\u00bb de la Dr\u00f4me.<\/strong><\/mark><strong><em> <\/em><\/strong>\n<ul class=\"wp-block-list\">\n<li><strong><em>Celle-ci nous a accord\u00e9 en 2023 et 2024, une aide pour d\u00e9velopper une action de pr\u00e9vention de<\/em><\/strong> <strong><em>la solitude, concr\u00e9tis\u00e9e par l\u2019organisation de \u00a0\u00ab\u00a0balades cont\u00e9es\u00a0\u00bb\u00a0 mensuelles (soit 10 par an)<\/em><\/strong><\/li>\n\n\n\n<li><strong><em>Pour 2025-2026 l&rsquo;action porte sur les aspects de la cr\u00e9ativit\u00e9 sous toutes ses formes<\/em><\/strong><\/li>\n<\/ul>\n<\/li>\n<\/ul>\n<\/li>\n\n\n\n<li><strong>Importante participation du b\u00e9n\u00e9volat : pr\u00e9sence, aide ponctuelle, mise \u00e0 disposition gratuite de locaux, biens et services <\/strong><em>(informatique, papeterie, pr\u00eat d\u2019outils, co-voiturage etc&#8230;)<\/em><\/li>\n<\/ul>\n\n\n\n<div class=\"wp-block-group has-background has-small-font-size\" style=\"background:linear-gradient(135deg,rgb(6,147,227) 0%,rgb(238,248,244) 14%,rgb(155,81,224) 100%);padding-top:0;padding-bottom:0;letter-spacing:20%;line-height:0.8\"><div class=\"wp-block-group__inner-container is-layout-constrained wp-block-group-is-layout-constrained\">\n<p>Extraits de la loi ELAN (financements )<\/p>\n\n\n\n<p>Art. D 281-3 le forfait pour l&rsquo;habitat inclusif est vers\u00e9 au profit de la personne morale charg\u00e9e d&rsquo;assurer le projet de vie sociale et partag\u00e9e&#8230;<\/p>\n\n\n\n<p>Le montant, la dur\u00e9e du forfait et les modalit\u00e9s de versements et de suivi de l&rsquo;utilisation du forfait, et le cas \u00e9ch\u00e9ant de son reversement font l&rsquo;objet d&rsquo;une convention avec l&rsquo;agence r\u00e9gionale de sant\u00e9.<\/p>\n\n\n\n<p>Le montant individuel pour chaque habitant est modul\u00e9 par l&rsquo;agence r\u00e9gionale de sant\u00e9 selon l&rsquo;intensit\u00e9 du projet de vie sociale et partag\u00e9e, d\u00e9finie selon les crit\u00e8res suivants :<\/p>\n\n\n\n<ul class=\"wp-block-list\">\n<li>le temps consacr\u00e9 \u00e0 l&rsquo;animation du projet&#8230; par le ou les professionnels mentionn\u00e9s-<\/li>\n\n\n\n<li>La nature et les caract\u00e9ristiques des actions identifi\u00e9es dans le cadre du projet de vie sociale et partag\u00e9e dans l&rsquo;habitat<\/li>\n<\/ul>\n\n\n\n<p>Les partenariats organis\u00e9s pour assurer la participation sociale et citoyenne.<em><\/em><\/p>\n<\/div><\/div>\n\n\n","protected":false},"excerpt":{"rendered":"<p>Notre association est \u00e0 but non lucratif. Notre projet n\u00e9cessite une fonction de coordinateur ou coordinatrice de la vie partag\u00e9e.\u00a0 Extraits de la loi ELAN (financements ) Art. D 281-3 le forfait pour l&rsquo;habitat inclusif est vers\u00e9 au profit de la personne morale charg\u00e9e d&rsquo;assurer le projet de vie sociale et partag\u00e9e&#8230; Le montant, la&#8230;<\/p>\n","protected":false},"author":2,"featured_media":0,"parent":0,"menu_order":0,"comment_status":"closed","ping_status":"closed","template":"","meta":{"saved_in_kubio":true,"_kadence_starter_templates_imported_post":false,"_kad_post_transparent":"","_kad_post_title":"","_kad_post_layout":"","_kad_post_sidebar_id":"","_kad_post_content_style":"","_kad_post_vertical_padding":"","_kad_post_feature":"","_kad_post_feature_position":"","_kad_post_header":false,"_kad_post_footer":false,"_kad_post_classname":"","iawp_total_views":99,"footnotes":""},"class_list":["post-466","page","type-page","status-publish","hentry"],"kubio_ai_page_context":{"short_desc":"","purpose":"general"},"_links":{"self":[{"href":"https:\/\/bvvedieulefit.org\/index.php\/wp-json\/wp\/v2\/pages\/466","targetHints":{"allow":["GET"]}}],"collection":[{"href":"https:\/\/bvvedieulefit.org\/index.php\/wp-json\/wp\/v2\/pages"}],"about":[{"href":"https:\/\/bvvedieulefit.org\/index.php\/wp-json\/wp\/v2\/types\/page"}],"author":[{"embeddable":true,"href":"https:\/\/bvvedieulefit.org\/index.php\/wp-json\/wp\/v2\/users\/2"}],"replies":[{"embeddable":true,"href":"https:\/\/bvvedieulefit.org\/index.php\/wp-json\/wp\/v2\/comments?post=466"}],"version-history":[{"count":16,"href":"https:\/\/bvvedieulefit.org\/index.php\/wp-json\/wp\/v2\/pages\/466\/revisions"}],"predecessor-version":[{"id":2525,"href":"https:\/\/bvvedieulefit.org\/index.php\/wp-json\/wp\/v2\/pages\/466\/revisions\/2525"}],"wp:attachment":[{"href":"https:\/\/bvvedieulefit.org\/index.php\/wp-json\/wp\/v2\/media?parent=466"}],"curies":[{"name":"wp","href":"https:\/\/api.w.org\/{rel}","templated":true}]}}